{"id":44,"date":"2020-12-08T09:31:07","date_gmt":"2020-12-08T09:31:07","guid":{"rendered":"https:\/\/demo.cmssuperheroes.com\/themeforest\/solatec\/?page_id=44"},"modified":"2024-08-30T13:13:00","modified_gmt":"2024-08-30T13:13:00","slug":"projekte","status":"publish","type":"page","link":"https:\/\/pax-repower.com\/en\/projekte\/","title":{"rendered":"Projects"},"content":{"rendered":"<div data-elementor-type=\"wp-page\" data-elementor-id=\"44\" class=\"elementor elementor-44\">\n\t\t\t\t<div class=\"elementor-element elementor-element-94d0609 e-flex e-con-boxed e-con e-parent\" data-id=\"94d0609\" data-element_type=\"container\" data-e-type=\"container\">\r\n\t\t\t\t\t<div class=\"e-con-inner\">\r\n\t\t\t\t\t<\/div>\r\n\t\t\t\t<\/div>\r\n\t\t<div class=\"elementor-element elementor-element-8c2f76a e-flex e-con-boxed e-con e-parent\" data-id=\"8c2f76a\" data-element_type=\"container\" data-e-type=\"container\">\r\n\t\t\t\t\t<div class=\"e-con-inner\">\r\n\t\t\t\t<div class=\"elementor-element elementor-element-b48e723 elementor-widget elementor-widget-spacer\" data-id=\"b48e723\" data-element_type=\"widget\" data-e-type=\"widget\" data-widget_type=\"spacer.default\">\n\t\t\t\t<div class=\"elementor-widget-container\">\n\t\t\t\t\t\t\t<div class=\"elementor-spacer\">\n\t\t\t<div class=\"elementor-spacer-inner\"><\/div>\n\t\t<\/div>\n\t\t\t\t\t\t<\/div>\n\t\t\t\t<\/div>\n\t\t\t\t\t<\/div>\r\n\t\t\t\t<\/div>\r\n\t\t<div class=\"elementor-element elementor-element-40810ca e-flex e-con-boxed e-con e-parent\" data-id=\"40810ca\" data-element_type=\"container\" data-e-type=\"container\">\r\n\t\t\t\t\t<div class=\"e-con-inner\">\r\n\t\t\t\t<div class=\"elementor-element elementor-element-004fdc0 elementor-widget elementor-widget-heading\" data-id=\"004fdc0\" data-element_type=\"widget\" data-e-type=\"widget\" data-widget_type=\"heading.default\">\n\t\t\t\t<div class=\"elementor-widget-container\">\n\t\t\t\t\t<h4 class=\"elementor-heading-title elementor-size-default\">Ihre Zufriedenheit, unser oberstes Ziel.<\/h4>\t\t\t\t<\/div>\n\t\t\t\t<\/div>\n\t\t\t\t\t<\/div>\r\n\t\t\t\t<\/div>\r\n\t\t<div class=\"elementor-element elementor-element-33760a7 e-flex e-con-boxed e-con e-parent\" data-id=\"33760a7\" data-element_type=\"container\" data-e-type=\"container\">\r\n\t\t\t\t\t<div class=\"e-con-inner\">\r\n\t\t\t\t<div class=\"elementor-element elementor-element-0db05a2 cms-heading-layout-1 elementor-widget elementor-widget-cms_heading\" data-id=\"0db05a2\" data-element_type=\"widget\" data-e-type=\"widget\" data-widget_type=\"cms_heading.default\">\n\t\t\t\t<div class=\"elementor-widget-container\">\n\t\t\t\t\t<div class=\"cms-heading-wrapper\">\r\n        <h3 class=\"cms-heading cms-mainheading text-24 mt-n8 text-\">Jedes Projekt bringt einzigartige Anforderungen mit sich. <\/h3>\r\n    <div class=\"cms-heading-extra-space\"><\/div>\r\n    <div class=\"cms-heading-desc empty-none pt-10 text-16 lh-27 text-\"><\/div>\r\n<\/div>\t\t\t\t<\/div>\n\t\t\t\t<\/div>\n\t\t\t\t\t<\/div>\r\n\t\t\t\t<\/div>\r\n\t\t<div class=\"elementor-element elementor-element-cffe88b e-flex e-con-boxed e-con e-parent\" data-id=\"cffe88b\" data-element_type=\"container\" data-e-type=\"container\">\r\n\t\t\t\t\t<div class=\"e-con-inner\">\r\n\t\t\t\t<div class=\"elementor-element elementor-element-c4d7b2c elementor-widget elementor-widget-text-editor\" data-id=\"c4d7b2c\" data-element_type=\"widget\" data-e-type=\"widget\" data-widget_type=\"text-editor.default\">\n\t\t\t\t<div class=\"elementor-widget-container\">\n\t\t\t\t\t\t\t\t\t<p>Jedes Projekt stellt spezifische Anforderungen, die ma\u00dfgeschneiderte L\u00f6sungen erfordern. Bei PAX Energy setzen wir auf unsere herstellerunabh\u00e4ngige Planung und die tiefgreifende Expertise unserer lokal ans\u00e4ssigen Teams. Durch die enge Zusammenarbeit mit unseren Kunden entwickeln wir individuelle Strategien, die nicht nur den technischen Anforderungen gerecht werden, sondern auch die besonderen Gegebenheiten und Herausforderungen jeder Region ber\u00fccksichtigen.<\/p>\t\t\t\t\t\t\t\t<\/div>\n\t\t\t\t<\/div>\n\t\t\t\t\t<\/div>\r\n\t\t\t\t<\/div>\r\n\t\t\t\t<section class=\"elementor-section elementor-top-section elementor-element elementor-element-496cc9e pt-90 pb-95 elementor-section-boxed elementor-section-height-default elementor-section-height-default cms-boxed-bg-false\" data-id=\"496cc9e\" data-element_type=\"section\" data-e-type=\"section\">\r\n\t\t\t<div class=\"cms-section-boxed-bg\"><\/div>\t\t\t<div class=\"elementor-container elementor-column-gap-default\" >\r\n\t\t\t        <div class=\"elementor-column elementor-col-100 elementor-top-column elementor-element elementor-element-4fd6cdd\" data-id=\"4fd6cdd\" data-element_type=\"column\" data-e-type=\"column\">\r\n            <div class=\"elementor-widget-wrap elementor-element-populated\">\r\n                \t\t<div class=\"elementor-element elementor-element-f32b5fe cms-post-layout-3 elementor-widget elementor-widget-cms_post_grid\" data-id=\"f32b5fe\" data-element_type=\"widget\" data-e-type=\"widget\" data-widget_type=\"cms_post_grid.default\">\n\t\t\t\t<div class=\"elementor-widget-container\">\n\t\t\t\t\t\r\n<div id=\"cms_post_grid-f32b5fe\" class=\"cms-grid\" data-layoutmode=\"fitRows\" data-layout=\"masonry\" data-start-page=\"1\" data-max-pages=\"1\" data-total=\"6\" data-perpage=\"6\" data-next-link=\"\">\r\n            <div class=\"cms-grid-filter-wrap row gutters-35 justify-content-center\">\r\n            <span class=\"cms-filter-item active col-auto\" data-filter=\"*\">All<\/span>\r\n                                            <span class=\"cms-filter-item col-auto\" data-filter=\".im-bau\">\r\n                    Im Bau                <\/span>\r\n                                            <span class=\"cms-filter-item col-auto\" data-filter=\".ready-to-build\">\r\n                    Ready-to-Build                <\/span>\r\n                    <\/div>\r\n        <div class=\"cms-grid-inner cms-grid-masonry row animation-time relative\" data-layout=\"fitRows\" style=\"margin: -15px\">\r\n        <div class=\"cms-grid-sizer\"><\/div>\r\n        <div class=\"cms-grid-gutter\"><\/div>\r\n                    <div class=\"cms-grid-item col-xl-4 col-lg-4 col-md-6 col-12 ready-to-build\" style=\"padding: 15px; margin-bottom: 0px\">\n                                    <div class=\"cms-item-content bg-white cms-radius-8 cms-shadow-4 cms-hover-img-scale overflow-hidden relative clearfix\">    <div class=\"cms-featured cms-post-standard  cms-radius-t-8 overflow-hidden\"><div class=\"cms-featured-inner relative\">            <div class=\"post-image cms-post-image\">\r\n                <a href=\"https:\/\/pax-repower.com\/en\/projects\/projekt-kelheim\/\"><img loading=\"lazy\" class=\"w-100 cms-lazy lazy-loading cms-img\" data-src=\"https:\/\/pax-repower.com\/wp-content\/uploads\/home-modern-slider1-570x570.jpg\" width=\"570\" height=\"570\" alt=\"\" \/><\/a>\r\n            <\/div>\r\n            <\/div><\/div>\r\n                            <div class=\"cms-item-content-inner cms-transition p-lr-15 p-lr-md-40 pt-40 pb-40\">\n                                    <span class=\"cms-post-cat d-block pb-15 text-14 mt-n8\">\r\n            <span class=\"text-accent\"><a href=\"https:\/\/pax-repower.com\/en\/project-category\/ready-to-build\/\" rel=\"tag\">Ready-to-Build<\/a><\/span>        <\/span>\r\n                                <div class=\"cms-item-content-title cms-heading text-20 lh-28 mb-15\">\n                                <a href=\"https:\/\/pax-repower.com\/en\/projects\/projekt-kelheim\/\">Protected: Kelheim Integriertes Energieprojekt<\/a>\n                            <\/div>\n                            <div class=\"cms-item-content-excerpt mb-20\">Ready-to-Build Wasserstoff-Energie Projekt Kelheim, Deutschland Mehr erfahren Leistung 1 MW Kapazit\u00e4t 1 MWh Anwendung Frequenznausgleich Inbetriebnahme Jahr 2025 Projektbeschreibung Energiespeicher um Bilanzkreis- und Frequenznausgleich PAX...<\/div>\n                                                            <div class=\"cms-btn-wraps cms-post-item-readmore\">\n                                    <a href=\"https:\/\/pax-repower.com\/en\/projects\/projekt-kelheim\/\" class=\"btn btn-fill btn-accent\">\n                                        <span class=\"cms-btn-content\">\n                                            <span class=\"cms-btn-icon text-20 cmsi-arrow-circle-right\"><\/span>\n                                            <span class=\"cms-btn-text\">Weitere Informationen<\/span>\n                                        <\/span>\n                                    <\/a>\n                                <\/div>\n                                                    <\/div>\n                    <\/div>\n                            <\/div>\n                    <div class=\"cms-grid-item col-xl-4 col-lg-4 col-md-6 col-12 im-bau\" style=\"padding: 15px; margin-bottom: 0px\">\n                                    <div class=\"cms-item-content bg-white cms-radius-8 cms-shadow-4 cms-hover-img-scale overflow-hidden relative clearfix\">    <div class=\"cms-featured cms-post-standard  cms-radius-t-8 overflow-hidden\"><div class=\"cms-featured-inner relative\">            <div class=\"post-image cms-post-image\">\r\n                <a href=\"https:\/\/pax-repower.com\/en\/projects\/bess-projekt-fuer-die-deutsche-telekom\/\"><img loading=\"lazy\" class=\"w-100 cms-lazy lazy-loading cms-img\" data-src=\"https:\/\/pax-repower.com\/wp-content\/uploads\/2024\/08\/ZTT-BESS-01-1024x640-1-570x570.jpg\" width=\"570\" height=\"570\" alt=\"\" \/><\/a>\r\n            <\/div>\r\n            <\/div><\/div>\r\n                            <div class=\"cms-item-content-inner cms-transition p-lr-15 p-lr-md-40 pt-40 pb-40\">\n                                    <span class=\"cms-post-cat d-block pb-15 text-14 mt-n8\">\r\n            <span class=\"text-accent\"><a href=\"https:\/\/pax-repower.com\/en\/project-category\/im-bau\/\" rel=\"tag\">Im Bau<\/a><\/span>        <\/span>\r\n                                <div class=\"cms-item-content-title cms-heading text-20 lh-28 mb-15\">\n                                <a href=\"https:\/\/pax-repower.com\/en\/projects\/bess-projekt-fuer-die-deutsche-telekom\/\">BESS-Projekt in Hannover<\/a>\n                            <\/div>\n                            <div class=\"cms-item-content-excerpt mb-20\">Im Bau BESS-Projekt f\u00fcr Telekommunikationsindustrie Hannover, Deutschland Mehr erfahren Leistung 1 MW Kapazit\u00e4t 1 MWh Anwendung Frequenznausgleich Inbetriebnahme Jahr 2024 Projektbeschreibung Energiespeicher um Bilanzkreis- und...<\/div>\n                                                            <div class=\"cms-btn-wraps cms-post-item-readmore\">\n                                    <a href=\"https:\/\/pax-repower.com\/en\/projects\/bess-projekt-fuer-die-deutsche-telekom\/\" class=\"btn btn-fill btn-accent\">\n                                        <span class=\"cms-btn-content\">\n                                            <span class=\"cms-btn-icon text-20 cmsi-arrow-circle-right\"><\/span>\n                                            <span class=\"cms-btn-text\">Weitere Informationen<\/span>\n                                        <\/span>\n                                    <\/a>\n                                <\/div>\n                                                    <\/div>\n                    <\/div>\n                            <\/div>\n                <div class=\"cms-grid-overlay\"><\/div>\r\n    <\/div>\r\n        <\/div>\t\t\t\t<\/div>\n\t\t\t\t<\/div>\n\t\t            <\/div>\r\n        <\/div>\r\n        \t\t\t<\/div>\r\n\t\t<\/section>\r\n\t\t\t\t<\/div>","protected":false},"excerpt":{"rendered":"<p>Ihre Zufriedenheit, unser oberstes Ziel. Jedes Projekt bringt einzigartige Anforderungen mit sich. Jedes Projekt stellt spezifische Anforderungen, die ma\u00dfgeschneiderte L\u00f6sungen erfordern. Bei PAX Energy setzen wir auf unsere herstellerunabh\u00e4ngige Planung und die tiefgreifende Expertise unserer lokal ans\u00e4ssigen Teams. Durch die enge Zusammenarbeit mit unseren Kunden entwickeln wir individuelle Strategien, die nicht nur den technischen Anforderungen [&hellip;]<\/p>\n","protected":false},"author":1,"featured_media":0,"parent":0,"menu_order":13,"comment_status":"closed","ping_status":"closed","template":"","meta":{"footnotes":""},"class_list":["post-44","page","type-page","status-publish","hentry","cms-has-post-thumbnail"],"jetpack_sharing_enabled":true,"_links":{"self":[{"href":"https:\/\/pax-repower.com\/en\/wp-json\/wp\/v2\/pages\/44","targetHints":{"allow":["GET"]}}],"collection":[{"href":"https:\/\/pax-repower.com\/en\/wp-json\/wp\/v2\/pages"}],"about":[{"href":"https:\/\/pax-repower.com\/en\/wp-json\/wp\/v2\/types\/page"}],"author":[{"embeddable":true,"href":"https:\/\/pax-repower.com\/en\/wp-json\/wp\/v2\/users\/1"}],"replies":[{"embeddable":true,"href":"https:\/\/pax-repower.com\/en\/wp-json\/wp\/v2\/comments?post=44"}],"version-history":[{"count":20,"href":"https:\/\/pax-repower.com\/en\/wp-json\/wp\/v2\/pages\/44\/revisions"}],"predecessor-version":[{"id":5615,"href":"https:\/\/pax-repower.com\/en\/wp-json\/wp\/v2\/pages\/44\/revisions\/5615"}],"wp:attachment":[{"href":"https:\/\/pax-repower.com\/en\/wp-json\/wp\/v2\/media?parent=44"}],"curies":[{"name":"wp","href":"https:\/\/api.w.org\/{rel}","templated":true}]}}