{"id":42,"date":"2020-12-08T09:30:42","date_gmt":"2020-12-08T09:30:42","guid":{"rendered":"https:\/\/demo.cmssuperheroes.com\/themeforest\/solatec\/?page_id=42"},"modified":"2025-03-04T14:24:53","modified_gmt":"2025-03-04T14:24:53","slug":"services-page","status":"publish","type":"page","link":"https:\/\/pax-repower.com\/en\/services-page\/","title":{"rendered":"Services"},"content":{"rendered":"<div data-elementor-type=\"wp-page\" data-elementor-id=\"42\" class=\"elementor elementor-42\">\n\t\t\t\t<div class=\"elementor-element elementor-element-e4a5d20 e-flex e-con-boxed e-con e-parent\" data-id=\"e4a5d20\" data-element_type=\"container\" data-e-type=\"container\">\r\n\t\t\t\t\t<div class=\"e-con-inner\">\r\n\t\t\t\t\t<\/div>\r\n\t\t\t\t<\/div>\r\n\t\t<div class=\"elementor-element elementor-element-3cc2efc e-flex e-con-boxed e-con e-parent\" data-id=\"3cc2efc\" data-element_type=\"container\" data-e-type=\"container\">\r\n\t\t\t\t\t<div class=\"e-con-inner\">\r\n\t\t\t\t<div class=\"elementor-element elementor-element-49de9f1 elementor-widget elementor-widget-spacer\" data-id=\"49de9f1\" data-element_type=\"widget\" data-e-type=\"widget\" data-widget_type=\"spacer.default\">\n\t\t\t\t<div class=\"elementor-widget-container\">\n\t\t\t\t\t\t\t<div class=\"elementor-spacer\">\n\t\t\t<div class=\"elementor-spacer-inner\"><\/div>\n\t\t<\/div>\n\t\t\t\t\t\t<\/div>\n\t\t\t\t<\/div>\n\t\t\t\t<div class=\"elementor-element elementor-element-38d29ed elementor-widget elementor-widget-heading\" data-id=\"38d29ed\" data-element_type=\"widget\" data-e-type=\"widget\" data-widget_type=\"heading.default\">\n\t\t\t\t<div class=\"elementor-widget-container\">\n\t\t\t\t\t<h4 class=\"elementor-heading-title elementor-size-default\">All-in-One-L\u00f6sungen und Services <\/h4>\t\t\t\t<\/div>\n\t\t\t\t<\/div>\n\t\t\t\t<div class=\"elementor-element elementor-element-b4b05f4 elementor-widget elementor-widget-heading\" data-id=\"b4b05f4\" data-element_type=\"widget\" data-e-type=\"widget\" data-widget_type=\"heading.default\">\n\t\t\t\t<div class=\"elementor-widget-container\">\n\t\t\t\t\t<h3 class=\"elementor-heading-title elementor-size-default\">Wir bieten komplette L\u00f6sungen an und begleiten Ihr Projekt w\u00e4hrend des gesamten Prozesses.<\/h3>\t\t\t\t<\/div>\n\t\t\t\t<\/div>\n\t\t\t\t\t<\/div>\r\n\t\t\t\t<\/div>\r\n\t\t<div class=\"elementor-element elementor-element-4406810 e-flex e-con-boxed e-con e-parent\" data-id=\"4406810\" data-element_type=\"container\" data-e-type=\"container\">\r\n\t\t\t\t\t<div class=\"e-con-inner\">\r\n\t\t\t\t<div class=\"elementor-element elementor-element-a651e13 elementor-widget elementor-widget-text-editor\" data-id=\"a651e13\" data-element_type=\"widget\" data-e-type=\"widget\" data-widget_type=\"text-editor.default\">\n\t\t\t\t<div class=\"elementor-widget-container\">\n\t\t\t\t\t\t\t\t\t<p data-start=\"1263\" data-end=\"1498\">Als erfahrener Partner \u00fcbernehmen wir die komplette Projektentwicklung \u2013 von der ersten Idee \u00fcber die Genehmigungsprozesse bis hin zur Finanzierung \u2013 sowie die EPC-Umsetzung f\u00fcr eine reibungslose, termingerechte Realisierung.<\/p><p data-start=\"1500\" data-end=\"1649\" data-is-last-node=\"\" data-is-only-node=\"\">Setzen Sie auf PAX Repower f\u00fcr ma\u00dfgeschneiderte, effiziente und nachhaltige Energiel\u00f6sungen. Kontaktieren Sie uns f\u00fcr eine individuelle Beratung!<\/p>\t\t\t\t\t\t\t\t<\/div>\n\t\t\t\t<\/div>\n\t\t\t\t\t<\/div>\r\n\t\t\t\t<\/div>\r\n\t\t\t\t<section class=\"elementor-section elementor-top-section elementor-element elementor-element-434cf509 p-0 mt-45 mr-xl-n115 elementor-section-full_width elementor-section-height-default elementor-section-height-default cms-full-content-with-space-none cms-boxed-bg-false\" data-id=\"434cf509\" data-element_type=\"section\" data-e-type=\"section\">\r\n\t\t\t<div class=\"cms-section-boxed-bg\"><\/div>\t\t\t<div class=\"elementor-container elementor-column-gap-no\" >\r\n\t\t\t        <div class=\"elementor-column elementor-col-25 elementor-top-column elementor-element elementor-element-c180bcf\" data-id=\"c180bcf\" data-element_type=\"column\" data-e-type=\"column\">\r\n            <div class=\"elementor-widget-wrap elementor-element-populated\">\r\n                \t\t<div class=\"elementor-element elementor-element-50b5e50d elementor-widget elementor-widget-cms_icon_box\" data-id=\"50b5e50d\" data-element_type=\"widget\" data-e-type=\"widget\" data-widget_type=\"cms_icon_box.default\">\n\t\t\t\t<div class=\"elementor-widget-container\">\n\t\t\t\t\t<div class=\"cms-icon-box-layout-5\">\r\n<div class=\"cms-icon-boxes bg-white hover-active-readmore\">\r\n    <div class=\"p-40\">\r\n        <div class=\"row\">\r\n            <div class=\"col-12 mb-10\">        <div class=\"cms-icon-wrap cms-main-icon\" ><i aria-hidden=\"true\" class=\"cms-icon mb-10 text-78 text-accent cmsi cmsi-car-battery\" style=\"\"><\/i><\/div>\r\n        <\/div>\r\n            <div class=\"col\">\r\n                <div class=\"cms-heading text-21 lh-29\"><p>Gro\u00dfbatteriespeicher (BESS)<\/p>\n<\/div> \r\n                <div class=\"pt-15\"><p>Entwicklung und EPC von Batteriespeicherl\u00f6sungen ab 8 MWh zur Netzstabilisierung und Integration erneuerbarer Energien.<\/p>\n<\/div>\r\n                            <div class=\"cms-link\">\r\n                <a target=\"_blank\" class=\"cms-readmore style-2 mt-20 d-inline-block text- text-hover-\">\r\n                    <span class=\"cms-btn-content\">        <span class=\"cms-icon-wrap cms-btn-icon order-first\" ><i aria-hidden=\"true\" class=\"cms-icon cms-link-icon cms-align-icon-left rtl-flip cmsi-arrow-circle-right\" style=\"\"><\/i><\/span>\r\n        <span class=\"cms-btn-text\">Mehr erfahren<\/span><\/span>\r\n                <\/a>\r\n            <\/div>\r\n                    <\/div>\r\n        <\/div>\r\n    <\/div>\r\n<\/div>\r\n<\/div>\t\t\t\t<\/div>\n\t\t\t\t<\/div>\n\t\t            <\/div>\r\n        <\/div>\r\n                <div class=\"elementor-column elementor-col-25 elementor-top-column elementor-element elementor-element-33a5478c\" data-id=\"33a5478c\" data-element_type=\"column\" data-e-type=\"column\">\r\n            <div class=\"elementor-widget-wrap elementor-element-populated\">\r\n                \t\t<div class=\"elementor-element elementor-element-143d368 elementor-widget elementor-widget-cms_icon_box\" data-id=\"143d368\" data-element_type=\"widget\" data-e-type=\"widget\" data-widget_type=\"cms_icon_box.default\">\n\t\t\t\t<div class=\"elementor-widget-container\">\n\t\t\t\t\t<div class=\"cms-icon-box-layout-5\">\r\n<div class=\"cms-icon-boxes bg-white hover-active-readmore\">\r\n    <div class=\"p-40\">\r\n        <div class=\"row\">\r\n            <div class=\"col-12 mb-10\">        <div class=\"cms-icon-wrap cms-main-icon\" ><i aria-hidden=\"true\" class=\"cms-icon mb-10 text-78 text-accent cmsi cmsi-energy\" style=\"\"><\/i><\/div>\r\n        <\/div>\r\n            <div class=\"col\">\r\n                <div class=\"cms-heading text-21 lh-29\"><p>Umspannwerke<\/p>\n<\/div> \r\n                <div class=\"pt-15\"><p>Planung und Bau effizienter Umspannwerksl\u00f6sungen f\u00fcr eine sichere Energie\u00fcbertragung und die Integration neuer Erzeugungskapazit\u00e4ten.<\/p>\n<\/div>\r\n                            <div class=\"cms-link\">\r\n                <a href=\"#\" target=\"_blank\" class=\"cms-readmore style-2 mt-20 d-inline-block text- text-hover-\">\r\n                    <span class=\"cms-btn-content\">        <span class=\"cms-icon-wrap cms-btn-icon order-first\" ><i aria-hidden=\"true\" class=\"cms-icon cms-link-icon cms-align-icon-left rtl-flip cmsi-arrow-circle-right\" style=\"\"><\/i><\/span>\r\n        <span class=\"cms-btn-text\">Mehr erfahren<\/span><\/span>\r\n                <\/a>\r\n            <\/div>\r\n                    <\/div>\r\n        <\/div>\r\n    <\/div>\r\n<\/div>\r\n<\/div>\t\t\t\t<\/div>\n\t\t\t\t<\/div>\n\t\t            <\/div>\r\n        <\/div>\r\n                <div class=\"elementor-column elementor-col-25 elementor-top-column elementor-element elementor-element-14bf965\" data-id=\"14bf965\" data-element_type=\"column\" data-e-type=\"column\">\r\n            <div class=\"elementor-widget-wrap elementor-element-populated\">\r\n                \t\t<div class=\"elementor-element elementor-element-3d3cea0e elementor-widget elementor-widget-cms_icon_box\" data-id=\"3d3cea0e\" data-element_type=\"widget\" data-e-type=\"widget\" data-widget_type=\"cms_icon_box.default\">\n\t\t\t\t<div class=\"elementor-widget-container\">\n\t\t\t\t\t<div class=\"cms-icon-box-layout-5\">\r\n<div class=\"cms-icon-boxes bg-white hover-active-readmore\">\r\n    <div class=\"p-40\">\r\n        <div class=\"row\">\r\n            <div class=\"col-12 mb-10\">        <div class=\"cms-icon-wrap cms-main-icon\" ><i aria-hidden=\"true\" class=\"cms-icon mb-10 text-78 text-accent cmsi cmsi-solar-panel\" style=\"\"><\/i><\/div>\r\n        <\/div>\r\n            <div class=\"col\">\r\n                <div class=\"cms-heading text-21 lh-29\"><p>PV-Carports<\/p>\n<\/div> \r\n                <div class=\"pt-15\"><p>Kombination aus Solartechnologie und Mobilit\u00e4tsinfrastruktur zur dezentralen Energieerzeugung und nachhaltigen Nutzung urbaner Fl\u00e4chen.<\/p>\n<\/div>\r\n                            <div class=\"cms-link\">\r\n                <a href=\"#\" target=\"_blank\" class=\"cms-readmore style-2 mt-20 d-inline-block text- text-hover-\">\r\n                    <span class=\"cms-btn-content\">        <span class=\"cms-icon-wrap cms-btn-icon order-first\" ><i aria-hidden=\"true\" class=\"cms-icon cms-link-icon cms-align-icon-left rtl-flip cmsi-arrow-circle-right\" style=\"\"><\/i><\/span>\r\n        <span class=\"cms-btn-text\">Mehr erfahren<\/span><\/span>\r\n                <\/a>\r\n            <\/div>\r\n                    <\/div>\r\n        <\/div>\r\n    <\/div>\r\n<\/div>\r\n<\/div>\t\t\t\t<\/div>\n\t\t\t\t<\/div>\n\t\t            <\/div>\r\n        <\/div>\r\n                <div class=\"elementor-column elementor-col-25 elementor-top-column elementor-element elementor-element-40c0d966\" data-id=\"40c0d966\" data-element_type=\"column\" data-e-type=\"column\">\r\n            <div class=\"elementor-widget-wrap elementor-element-populated\">\r\n                \t\t<div class=\"elementor-element elementor-element-5dceeca2 elementor-widget elementor-widget-cms_icon_box\" data-id=\"5dceeca2\" data-element_type=\"widget\" data-e-type=\"widget\" data-widget_type=\"cms_icon_box.default\">\n\t\t\t\t<div class=\"elementor-widget-container\">\n\t\t\t\t\t<div class=\"cms-icon-box-layout-5\">\r\n<div class=\"cms-icon-boxes bg-white hover-active-readmore\">\r\n    <div class=\"p-40\">\r\n        <div class=\"row\">\r\n            <div class=\"col-12 mb-10\">        <div class=\"cms-icon-wrap cms-main-icon\" ><i aria-hidden=\"true\" class=\"cms-icon mb-10 text-78 text-accent cmsi cmsi-hydrogen\" style=\"\"><\/i><\/div>\r\n        <\/div>\r\n            <div class=\"col\">\r\n                <div class=\"cms-heading text-21 lh-29\"><p>Wasserstoffprojekte<\/p>\n<\/div> \r\n                <div class=\"pt-15\"><p>Entwicklung von Wasserstoffproduktions- und Speicherl\u00f6sungen als Schl\u00fcsseltechnologie der Energiewende.<\/p>\n<\/div>\r\n                            <div class=\"cms-link\">\r\n                <a href=\"#\" target=\"_blank\" class=\"cms-readmore style-2 mt-20 d-inline-block text- text-hover-\">\r\n                    <span class=\"cms-btn-content\">        <span class=\"cms-icon-wrap cms-btn-icon order-first\" ><i aria-hidden=\"true\" class=\"cms-icon cms-link-icon cms-align-icon-left rtl-flip cmsi-arrow-circle-right\" style=\"\"><\/i><\/span>\r\n        <span class=\"cms-btn-text\">Mehr erfahren<\/span><\/span>\r\n                <\/a>\r\n            <\/div>\r\n                    <\/div>\r\n        <\/div>\r\n    <\/div>\r\n<\/div>\r\n<\/div>\t\t\t\t<\/div>\n\t\t\t\t<\/div>\n\t\t            <\/div>\r\n        <\/div>\r\n        \t\t\t<\/div>\r\n\t\t<\/section>\r\n\t\t<div class=\"elementor-element elementor-element-764b037 e-flex e-con-boxed e-con e-parent\" data-id=\"764b037\" data-element_type=\"container\" data-e-type=\"container\">\r\n\t\t\t\t\t<div class=\"e-con-inner\">\r\n\t\t\t\t<div class=\"elementor-element elementor-element-ba1dcf7 elementor-widget elementor-widget-spacer\" data-id=\"ba1dcf7\" data-element_type=\"widget\" data-e-type=\"widget\" data-widget_type=\"spacer.default\">\n\t\t\t\t<div class=\"elementor-widget-container\">\n\t\t\t\t\t\t\t<div class=\"elementor-spacer\">\n\t\t\t<div class=\"elementor-spacer-inner\"><\/div>\n\t\t<\/div>\n\t\t\t\t\t\t<\/div>\n\t\t\t\t<\/div>\n\t\t\t\t\t<\/div>\r\n\t\t\t\t<\/div>\r\n\t\t<div class=\"elementor-element elementor-element-45cbbf3b e-flex e-con-boxed e-con e-parent\" data-id=\"45cbbf3b\" data-element_type=\"container\" data-e-type=\"container\">\r\n\t\t\t\t\t<div class=\"e-con-inner\">\r\n\t\t<div class=\"elementor-element elementor-element-75cd9647 e-con-full animated-slow e-flex elementor-invisible e-con e-child\" data-id=\"75cd9647\" data-element_type=\"container\" data-e-type=\"container\" data-settings=\"{&quot;animation&quot;:&quot;fadeIn&quot;}\">\r\n\t\t\t\t<div class=\"elementor-element elementor-element-5e4fb63c elementor-invisible elementor-widget elementor-widget-image\" data-id=\"5e4fb63c\" data-element_type=\"widget\" data-e-type=\"widget\" data-settings=\"{&quot;_animation&quot;:&quot;fadeIn&quot;}\" data-widget_type=\"image.default\">\n\t\t\t\t<div class=\"elementor-widget-container\">\n\t\t\t\t\t\t\t\t\t\t\t\t\t\t\t<img fetchpriority=\"high\" width=\"400\" height=\"300\" data-src=\"https:\/\/pax-repower.com\/wp-content\/uploads\/elementor\/thumbs\/crop-people-working-with-plans-tablet-qn4xj0wna89mqjj8y2notx16jf4at0jyhnjo671hvc.jpg\" title=\"crop-people-working-with-plans-tablet\" alt=\"crop-people-working-with-plans-tablet\" class=\"cms-lazy lazy-loading\" \/>\t\t\t\t\t\t\t\t\t\t\t\t\t\t\t<\/div>\n\t\t\t\t<\/div>\n\t\t\t\t<\/div>\r\n\t\t<div class=\"elementor-element elementor-element-1c676a6c e-con-full animated-slow e-flex elementor-invisible e-con e-child\" data-id=\"1c676a6c\" data-element_type=\"container\" data-e-type=\"container\" data-settings=\"{&quot;animation&quot;:&quot;fadeIn&quot;}\">\r\n\t\t\t\t<div class=\"elementor-element elementor-element-32011f20 elementor-invisible elementor-widget elementor-widget-heading\" data-id=\"32011f20\" data-element_type=\"widget\" data-e-type=\"widget\" data-settings=\"{&quot;_animation&quot;:&quot;fadeIn&quot;}\" data-widget_type=\"heading.default\">\n\t\t\t\t<div class=\"elementor-widget-container\">\n\t\t\t\t\t<h4 class=\"elementor-heading-title elementor-size-default\">LEISTUNG 1<\/h4>\t\t\t\t<\/div>\n\t\t\t\t<\/div>\n\t\t\t\t<div class=\"elementor-element elementor-element-58e478ac elementor-widget elementor-widget-heading\" data-id=\"58e478ac\" data-element_type=\"widget\" data-e-type=\"widget\" data-widget_type=\"heading.default\">\n\t\t\t\t<div class=\"elementor-widget-container\">\n\t\t\t\t\t<h3 class=\"elementor-heading-title elementor-size-default\">Projektentwicklung<\/h3>\t\t\t\t<\/div>\n\t\t\t\t<\/div>\n\t\t\t\t<div class=\"elementor-element elementor-element-25ab03dc elementor-widget elementor-widget-text-editor\" data-id=\"25ab03dc\" data-element_type=\"widget\" data-e-type=\"widget\" data-widget_type=\"text-editor.default\">\n\t\t\t\t<div class=\"elementor-widget-container\">\n\t\t\t\t\t\t\t\t\t<p>Wir bieten Services rund um die Analyse der Machbarkeit und der wirtschaftlichen Attraktivit\u00e4t der ausgew\u00e4hlten Fl\u00e4che, z.B. die Durchf\u00fchrung von Bodenanalysen, die Ermittlung von Grundst\u00fcckseigent\u00fcmern und die Preisverhandlungen f\u00fcr langfristige Pachtvertr\u00e4ge.<\/p>\t\t\t\t\t\t\t\t<\/div>\n\t\t\t\t<\/div>\n\t\t\t\t<\/div>\r\n\t\t\t\t\t<\/div>\r\n\t\t\t\t<\/div>\r\n\t\t<div class=\"elementor-element elementor-element-8812680 e-flex e-con-boxed e-con e-parent\" data-id=\"8812680\" data-element_type=\"container\" data-e-type=\"container\">\r\n\t\t\t\t\t<div class=\"e-con-inner\">\r\n\t\t\t\t<div class=\"elementor-element elementor-element-dd63f71 elementor-widget elementor-widget-spacer\" data-id=\"dd63f71\" data-element_type=\"widget\" data-e-type=\"widget\" data-widget_type=\"spacer.default\">\n\t\t\t\t<div class=\"elementor-widget-container\">\n\t\t\t\t\t\t\t<div class=\"elementor-spacer\">\n\t\t\t<div class=\"elementor-spacer-inner\"><\/div>\n\t\t<\/div>\n\t\t\t\t\t\t<\/div>\n\t\t\t\t<\/div>\n\t\t\t\t\t<\/div>\r\n\t\t\t\t<\/div>\r\n\t\t<div class=\"elementor-element elementor-element-65f59b7e e-flex e-con-boxed e-con e-parent\" data-id=\"65f59b7e\" data-element_type=\"container\" data-e-type=\"container\">\r\n\t\t\t\t\t<div class=\"e-con-inner\">\r\n\t\t<div class=\"elementor-element elementor-element-228a219c e-con-full animated-fast e-flex elementor-invisible e-con e-child\" data-id=\"228a219c\" data-element_type=\"container\" data-e-type=\"container\" data-settings=\"{&quot;animation&quot;:&quot;fadeIn&quot;}\">\r\n\t\t\t\t<div class=\"elementor-element elementor-element-36c2d785 elementor-widget elementor-widget-heading\" data-id=\"36c2d785\" data-element_type=\"widget\" data-e-type=\"widget\" data-widget_type=\"heading.default\">\n\t\t\t\t<div class=\"elementor-widget-container\">\n\t\t\t\t\t<h4 class=\"elementor-heading-title elementor-size-default\">LEISTUNG 2<\/h4>\t\t\t\t<\/div>\n\t\t\t\t<\/div>\n\t\t\t\t<div class=\"elementor-element elementor-element-733d6ae9 elementor-widget elementor-widget-heading\" data-id=\"733d6ae9\" data-element_type=\"widget\" data-e-type=\"widget\" data-widget_type=\"heading.default\">\n\t\t\t\t<div class=\"elementor-widget-container\">\n\t\t\t\t\t<h3 class=\"elementor-heading-title elementor-size-default\">Schl\u00fcsselfertiges Bauen (EPC) <\/h3>\t\t\t\t<\/div>\n\t\t\t\t<\/div>\n\t\t\t\t<div class=\"elementor-element elementor-element-79fab44d elementor-widget elementor-widget-text-editor\" data-id=\"79fab44d\" data-element_type=\"widget\" data-e-type=\"widget\" data-widget_type=\"text-editor.default\">\n\t\t\t\t<div class=\"elementor-widget-container\">\n\t\t\t\t\t\t\t\t\t<p>Wir passen jedes Projekt individuell auf den jeweiligen Case an, stehen stets in enger Absprache mit unseren Lieferanten und legen h\u00f6chsten Wert auf Qualit\u00e4t. Wir sorgen f\u00fcr die Installation einer schl\u00fcsselfertigen Solaranlage an Ihrem Standort.<\/p>\t\t\t\t\t\t\t\t<\/div>\n\t\t\t\t<\/div>\n\t\t\t\t<\/div>\r\n\t\t<div class=\"elementor-element elementor-element-54048963 e-con-full animated-slow e-flex elementor-invisible e-con e-child\" data-id=\"54048963\" data-element_type=\"container\" data-e-type=\"container\" data-settings=\"{&quot;animation&quot;:&quot;fadeIn&quot;}\">\r\n\t\t\t\t<div class=\"elementor-element elementor-element-61a57f35 elementor-widget elementor-widget-image\" data-id=\"61a57f35\" data-element_type=\"widget\" data-e-type=\"widget\" data-widget_type=\"image.default\">\n\t\t\t\t<div class=\"elementor-widget-container\">\n\t\t\t\t\t\t\t\t\t\t\t\t\t\t\t<img class=\"cms-lazy lazy-loading attachment-large size-large wp-image-5229\" data-src=\"https:\/\/pax-repower.com\/wp-content\/uploads\/2024\/04\/amount-energy-storage-systems-battery-container-units-with-solar-turbine-farm-770x527.jpg\" width=\"770\" height=\"527\" alt=\"\" \/>\t\t\t\t\t\t\t\t\t\t\t\t\t\t\t<\/div>\n\t\t\t\t<\/div>\n\t\t\t\t<\/div>\r\n\t\t\t\t\t<\/div>\r\n\t\t\t\t<\/div>\r\n\t\t<div class=\"elementor-element elementor-element-b06027a e-flex e-con-boxed e-con e-parent\" data-id=\"b06027a\" data-element_type=\"container\" data-e-type=\"container\">\r\n\t\t\t\t\t<div class=\"e-con-inner\">\r\n\t\t\t\t<div class=\"elementor-element elementor-element-bfdb8f0 elementor-widget elementor-widget-spacer\" data-id=\"bfdb8f0\" data-element_type=\"widget\" data-e-type=\"widget\" data-widget_type=\"spacer.default\">\n\t\t\t\t<div class=\"elementor-widget-container\">\n\t\t\t\t\t\t\t<div class=\"elementor-spacer\">\n\t\t\t<div class=\"elementor-spacer-inner\"><\/div>\n\t\t<\/div>\n\t\t\t\t\t\t<\/div>\n\t\t\t\t<\/div>\n\t\t\t\t\t<\/div>\r\n\t\t\t\t<\/div>\r\n\t\t\t\t<\/div>","protected":false},"excerpt":{"rendered":"<p>All-in-One-L\u00f6sungen und Services Wir bieten komplette L\u00f6sungen an und begleiten Ihr Projekt w\u00e4hrend des gesamten Prozesses. Als erfahrener Partner \u00fcbernehmen wir die komplette Projektentwicklung \u2013 von der ersten Idee \u00fcber die Genehmigungsprozesse bis hin zur Finanzierung \u2013 sowie die EPC-Umsetzung f\u00fcr eine reibungslose, termingerechte Realisierung. Setzen Sie auf PAX Repower f\u00fcr ma\u00dfgeschneiderte, effiziente und nachhaltige [&hellip;]<\/p>\n","protected":false},"author":1,"featured_media":0,"parent":0,"menu_order":12,"comment_status":"closed","ping_status":"closed","template":"","meta":{"footnotes":""},"class_list":["post-42","page","type-page","status-publish","hentry","cms-has-post-thumbnail"],"jetpack_sharing_enabled":true,"_links":{"self":[{"href":"https:\/\/pax-repower.com\/en\/wp-json\/wp\/v2\/pages\/42","targetHints":{"allow":["GET"]}}],"collection":[{"href":"https:\/\/pax-repower.com\/en\/wp-json\/wp\/v2\/pages"}],"about":[{"href":"https:\/\/pax-repower.com\/en\/wp-json\/wp\/v2\/types\/page"}],"author":[{"embeddable":true,"href":"https:\/\/pax-repower.com\/en\/wp-json\/wp\/v2\/users\/1"}],"replies":[{"embeddable":true,"href":"https:\/\/pax-repower.com\/en\/wp-json\/wp\/v2\/comments?post=42"}],"version-history":[{"count":37,"href":"https:\/\/pax-repower.com\/en\/wp-json\/wp\/v2\/pages\/42\/revisions"}],"predecessor-version":[{"id":5743,"href":"https:\/\/pax-repower.com\/en\/wp-json\/wp\/v2\/pages\/42\/revisions\/5743"}],"wp:attachment":[{"href":"https:\/\/pax-repower.com\/en\/wp-json\/wp\/v2\/media?parent=42"}],"curies":[{"name":"wp","href":"https:\/\/api.w.org\/{rel}","templated":true}]}}